{"id":50,"date":"2020-11-01T23:31:37","date_gmt":"2020-11-01T22:31:37","guid":{"rendered":"http:\/\/www.enriquekrause.es\/works\/?page_id=50"},"modified":"2021-02-21T02:52:52","modified_gmt":"2021-02-21T01:52:52","slug":"insta","status":"publish","type":"page","link":"http:\/\/www.enriquekrause.es\/works\/insta\/","title":{"rendered":"AtMn.AbyWa.T4"},"content":{"rendered":"\t<div id=\"uagb-post__carousel-6db97a1b-0c63-43c5-88ac-4001522de473\" class=\"uagb-post-grid  uagb-post__image-position-top uagb-post__arrow-outside uagb-slick-carousel\">\n\n\t\t<div class=\"uagb-post__items uagb-post__columns-1 is-carousel uagb-post__columns-tablet-2 uagb-post__columns-mobile-1\">\n\n\t\t<article>\n\t\t<div class=\"uagb-post__inner-wrap\">\n\t\t\t\t\t\t<div class=\"uagb-post__text\">\n\t\t\t\t\t\t\t<div class=\"uagb-post-grid-byline\">\n\t\t\t\n\t<\/div>\n\t\t\t\t\t\t\t\t\t<\/div>\n\t<\/div>\n\t<\/article>\n<article>\n\t\t<div class=\"uagb-post__inner-wrap\">\n\t\t\t\t\t<div class='uagb-post__image'>\n\t\t<a href=\"http:\/\/www.enriquekrause.es\/works\/2020\/11\/02\/imagenes\/\" target=\"_self\" rel=\"bookmark noopener noreferrer\"><img width=\"640\" height=\"640\" src=\"http:\/\/www.enriquekrause.es\/works\/wp-content\/uploads\/2020\/11\/122070259_810074016202575_7102003012745168697_n.jpg\" class=\"attachment-large size-large\" alt=\"\" loading=\"lazy\" srcset=\"http:\/\/www.enriquekrause.es\/works\/wp-content\/uploads\/2020\/11\/122070259_810074016202575_7102003012745168697_n.jpg 640w, http:\/\/www.enriquekrause.es\/works\/wp-content\/uploads\/2020\/11\/122070259_810074016202575_7102003012745168697_n-300x300.jpg 300w, http:\/\/www.enriquekrause.es\/works\/wp-content\/uploads\/2020\/11\/122070259_810074016202575_7102003012745168697_n-150x150.jpg 150w\" sizes=\"(max-width: 640px) 100vw, 640px\" style=\"width:100%;height:100%;max-width:640px;\" \/>\t\t<\/a>\n\t<\/div>\n\t\t\t<div class=\"uagb-post__text\">\n\t\t\t\t\t\t\t<div class=\"uagb-post-grid-byline\">\n\t\t\t\n\t<\/div>\n\t\t\t\t\t\t\t\t\t<\/div>\n\t<\/div>\n\t<\/article>\n\t\t<\/div>\n\t<\/div>\n\t\n\n\n<ul class=\"wp-block-social-links\">\n\n\n\n\n\n\n\n\n\n<\/ul>\n\n\n\n<div class=\"wp-block-uagb-advanced-heading\" id=\"uagb-adv-heading-4a982c7c-5dde-4eb1-8157-fe28d64a51de\"><h2 class=\"uagb-heading-text\">Continuaci\u00f3n del proyecto<\/h2><div class=\"uagb-separator-wrap\"><div class=\"uagb-separator\"><\/div><\/div><p class=\"uagb-desc-text\"><a href=\"http:\/\/enriquekrause.es\/artProjects\/atlasMnemosyneesp.html\"><\/a><a href=\"http:\/\/enriquekrause.es\/artProjects\/atlasMnemosyne.html\">El Atlas Mnemosyne es el trabajo p\u00f3stumo e inacabado que leg\u00f3 el historiador Aby Warburg. Este proyecto compila y ofrece las im\u00e1genes de cada una de las 63 l\u00e1minas, y realiza una selecci\u00f3n, para la elaboraci\u00f3n de m\u00e1s de 250 dibujos a l\u00e1piz y grafito.<\/a><\/p><\/div>\n\n\n\n<div class=\"wp-block-uagb-advanced-heading\" id=\"uagb-adv-heading-ca8497a3-f213-4b30-a80f-441446250ca8\"><h2 class=\"uagb-heading-text\"><\/h2><div class=\"uagb-separator-wrap\"><div class=\"uagb-separator\"><\/div><\/div><p class=\"uagb-desc-text\">El proyecto contin\u00faa con unas 100 im\u00e1genes de montajes con los dibujos del proyecto y otras im\u00e1genes y pinturas posteriores y anteriores del autor publicadas en su perfil de Instagram. Se trata de una cuarta temporada de im\u00e1genes relativas.<br>Posiblemente continuar\u00e1 con una quinta temporada.<\/p><\/div>\n","protected":false},"excerpt":{"rendered":"","protected":false},"author":1,"featured_media":70,"parent":0,"menu_order":0,"comment_status":"closed","ping_status":"closed","template":"","meta":[],"uagb_featured_image_src":{"full":["http:\/\/www.enriquekrause.es\/works\/wp-content\/uploads\/2020\/11\/115800480_2856622754565189_7806012028264955564_n.jpg",640,640,false],"thumbnail":["http:\/\/www.enriquekrause.es\/works\/wp-content\/uploads\/2020\/11\/115800480_2856622754565189_7806012028264955564_n-150x150.jpg",150,150,true],"medium":["http:\/\/www.enriquekrause.es\/works\/wp-content\/uploads\/2020\/11\/115800480_2856622754565189_7806012028264955564_n-300x300.jpg",300,300,true],"medium_large":["http:\/\/www.enriquekrause.es\/works\/wp-content\/uploads\/2020\/11\/115800480_2856622754565189_7806012028264955564_n.jpg",640,640,false],"large":["http:\/\/www.enriquekrause.es\/works\/wp-content\/uploads\/2020\/11\/115800480_2856622754565189_7806012028264955564_n.jpg",640,640,false],"1536x1536":["http:\/\/www.enriquekrause.es\/works\/wp-content\/uploads\/2020\/11\/115800480_2856622754565189_7806012028264955564_n.jpg",640,640,false],"2048x2048":["http:\/\/www.enriquekrause.es\/works\/wp-content\/uploads\/2020\/11\/115800480_2856622754565189_7806012028264955564_n.jpg",640,640,false],"post-thumbnail":["http:\/\/www.enriquekrause.es\/works\/wp-content\/uploads\/2020\/11\/115800480_2856622754565189_7806012028264955564_n.jpg",640,640,false]},"uagb_author_info":{"display_name":"ekrauseb","author_link":"http:\/\/www.enriquekrause.es\/works\/author\/ekrauseb\/"},"uagb_comment_info":0,"uagb_excerpt":null,"_links":{"self":[{"href":"http:\/\/www.enriquekrause.es\/works\/wp-json\/wp\/v2\/pages\/50"}],"collection":[{"href":"http:\/\/www.enriquekrause.es\/works\/wp-json\/wp\/v2\/pages"}],"about":[{"href":"http:\/\/www.enriquekrause.es\/works\/wp-json\/wp\/v2\/types\/page"}],"author":[{"embeddable":true,"href":"http:\/\/www.enriquekrause.es\/works\/wp-json\/wp\/v2\/users\/1"}],"replies":[{"embeddable":true,"href":"http:\/\/www.enriquekrause.es\/works\/wp-json\/wp\/v2\/comments?post=50"}],"version-history":[{"count":9,"href":"http:\/\/www.enriquekrause.es\/works\/wp-json\/wp\/v2\/pages\/50\/revisions"}],"predecessor-version":[{"id":119,"href":"http:\/\/www.enriquekrause.es\/works\/wp-json\/wp\/v2\/pages\/50\/revisions\/119"}],"wp:featuredmedia":[{"embeddable":true,"href":"http:\/\/www.enriquekrause.es\/works\/wp-json\/wp\/v2\/media\/70"}],"wp:attachment":[{"href":"http:\/\/www.enriquekrause.es\/works\/wp-json\/wp\/v2\/media?parent=50"}],"curies":[{"name":"wp","href":"https:\/\/api.w.org\/{rel}","templated":true}]}}