{"id":129,"date":"2021-12-30T20:49:38","date_gmt":"2021-12-30T19:49:38","guid":{"rendered":"http:\/\/www.enriquekrause.es\/works\/?page_id=129"},"modified":"2021-12-30T20:49:38","modified_gmt":"2021-12-30T19:49:38","slug":"textos","status":"publish","type":"page","link":"http:\/\/www.enriquekrause.es\/works\/textos\/","title":{"rendered":"textos"},"content":{"rendered":"\n<p><strong><a href=\"http:\/\/www.enriquekrause.es\/works\/deponer-las-armas\/\">Deponer las armas. Abandonar la Escritura.<\/a><\/strong><br>Texto sobre la exposici\u00f3n en MNCARS de la obra de:<br><strong>Ignacio G. De Lia\u00f1o<\/strong><\/p>\n\n\n\n<p><\/p>\n\n\n\n<p><\/p>\n\n\n\n<p><strong><a href=\"http:\/\/www.enriquekrause.es\/works\/pagina-ejemplo\/\">Alg\u00fan texto sobre otras generaciones<\/a><\/strong><\/p>\n\n\n\n<p><\/p>\n","protected":false},"excerpt":{"rendered":"<p>Deponer las armas. Abandonar la Escritura.Texto sobre la exposici\u00f3n en MNCARS de la obra de:Ignacio G. De Lia\u00f1o Alg\u00fan texto sobre otras generaciones<\/p>\n","protected":false},"author":1,"featured_media":0,"parent":0,"menu_order":0,"comment_status":"closed","ping_status":"closed","template":"","meta":[],"uagb_featured_image_src":{"full":false,"thumbnail":false,"medium":false,"medium_large":false,"large":false,"1536x1536":false,"2048x2048":false,"post-thumbnail":false},"uagb_author_info":{"display_name":"ekrauseb","author_link":"http:\/\/www.enriquekrause.es\/works\/author\/ekrauseb\/"},"uagb_comment_info":0,"uagb_excerpt":"Deponer las armas. Abandonar la Escritura.Texto sobre la exposici\u00f3n en MNCARS de la obra de:Ignacio G. De Lia\u00f1o Alg\u00fan texto sobre otras generaciones","_links":{"self":[{"href":"http:\/\/www.enriquekrause.es\/works\/wp-json\/wp\/v2\/pages\/129"}],"collection":[{"href":"http:\/\/www.enriquekrause.es\/works\/wp-json\/wp\/v2\/pages"}],"about":[{"href":"http:\/\/www.enriquekrause.es\/works\/wp-json\/wp\/v2\/types\/page"}],"author":[{"embeddable":true,"href":"http:\/\/www.enriquekrause.es\/works\/wp-json\/wp\/v2\/users\/1"}],"replies":[{"embeddable":true,"href":"http:\/\/www.enriquekrause.es\/works\/wp-json\/wp\/v2\/comments?post=129"}],"version-history":[{"count":1,"href":"http:\/\/www.enriquekrause.es\/works\/wp-json\/wp\/v2\/pages\/129\/revisions"}],"predecessor-version":[{"id":134,"href":"http:\/\/www.enriquekrause.es\/works\/wp-json\/wp\/v2\/pages\/129\/revisions\/134"}],"wp:attachment":[{"href":"http:\/\/www.enriquekrause.es\/works\/wp-json\/wp\/v2\/media?parent=129"}],"curies":[{"name":"wp","href":"https:\/\/api.w.org\/{rel}","templated":true}]}}