{"id":101,"date":"2021-02-21T02:08:46","date_gmt":"2021-02-21T01:08:46","guid":{"rendered":"http:\/\/www.enriquekrause.es\/works\/?page_id=101"},"modified":"2021-02-22T06:06:33","modified_gmt":"2021-02-22T05:06:33","slug":"deponer-las-armas","status":"publish","type":"page","link":"http:\/\/www.enriquekrause.es\/works\/deponer-las-armas\/","title":{"rendered":"Deponer las armas"},"content":{"rendered":"\n<div class=\"wp-block-uagb-advanced-heading\" id=\"uagb-adv-heading-308dfe6b-dc11-42b6-84f6-a13c9bd4cec5\"><h2 class=\"uagb-heading-text\">Abandonar la Escritura<\/h2><div class=\"uagb-separator-wrap\"><div class=\"uagb-separator\"><\/div><\/div><p class=\"uagb-desc-text\">Exposici\u00f3n sobre la obra de:<br><strong>Ignacio G. De Lia\u00f1o<\/strong><\/p><\/div>\n\n\n\n<div class=\"wp-block-uagb-advanced-heading\" id=\"uagb-adv-heading-452c72dd-8765-4577-bd0a-cab08b5effdc\"><h6 class=\"uagb-heading-text\">Actividades realizadas sobre la visita a la exposici\u00f3n del MNCARS<br><br><a href=\"http:\/\/docenciacp.myartsonline.com\/index.php\/abandonar-escritura\/informe\">Informe de actividad posterior<\/a><\/h6><div class=\"uagb-separator-wrap\"><div class=\"uagb-separator\"><\/div><\/div><p class=\"uagb-desc-text\">TEXTO INICIAL DE TRABAJO<br><strong>Deponer las armas<\/strong><br>Este texto no abandona la escritura, pero tampoco cree ya en los poetas como seres con \u00abarmas cargadas de futuro\u00bb.<br>Puede que la inteligencia artificial sea una de esas armas de futuro, pero en el pasado no eran mas que especulaciones e intentos de calcular todos los movimientos posibles en una partida de ajedrez.<br>Asimismo, la ruedas combinatorias de Llulio, o las mas atrevidas obras para cartografiar lo memorial de G. Bruno.<br>Sabemos que G\u00f3mez de Lia\u00f1o es el traductor al espa\u00f1ol de la obra de Giordano Bruno. Tambi\u00e9n que fue muchos a\u00f1os docente en Espa\u00f1a y en el extranjero.<br>La relaci\u00f3n de lo que podemos ver en esta exposici\u00f3n con la docencia, se me antoja constatable de modo directo. La producci\u00f3n de un contenido pedag\u00f3gico requiere grandes dosis de creatividad. En el proceso de imaginar el desarrollo y\/o recorrido por los contenidos destinados al aprendizaje, debemos intentar tambi\u00e9n calcular la mayor cantidad de posibilidades. Cuando realizamos una evaluaci\u00f3n, resulta f\u00e1cil comprender que es imposible preveer los comportamientos, intereses y recorridos de cada alumno. Cada uno ha entendido, asimilado, adquirido, unos contenidos, y los expresa de un modo bien diferenciado. Comprendemos del mismo modo, que desde la modernidad, y mucho m\u00e1s espec\u00edficamente desde la posmodernidad, los procesos identitarios son infinitos. Los contenidos cognoscibles no son cartografiables, al modo que intentaba quiz\u00e1 el mismo Bruno, pues existe precisamente, la creatividad.<br>\u00abEl idioma de la imaginaci\u00f3n\u00bb es el t\u00edtulo de uno de los libros de este autor. Aquellos jardines y paisajes que nos intuye a vislumbrar en una instalaci\u00f3n de esta exposici\u00f3n, est\u00e1n escritos en este idioma. El lenguaje con el que se escriben aquellos paisajes que el propio acto de imaginar, los performa; los hace reales al nombrarlos.<br>Enrique Krause Buedo&nbsp;<br>&nbsp;<br><a>Informe de actividad posterior&nbsp;<\/a><br>&nbsp;<br><strong>Bibliograf\u00eda:<\/strong><br>BRUNO, Giordano (Ed 1987). Expulsi\u00f3n De La Bestia Triunfante ;<br>De Los Heroicos Furores. Introducci\u00f3n traducci\u00f3n y notas de Ignacio<br>G\u00f3mez de Lia\u00f1o. Ediciones Alfaguara, Madrid, 1987. 536 p\u00e1ginas.<br>ISBN 84-204-0507-8.<br>\u2014. (Ed.1997). Mundo, magia, memoria. Edici\u00f3n y notas introductorias<br>de Ignacio G\u00f3mez de Lia\u00f1o. Madrid: Biblioteca Nueva. Madrid 1997.<br>426 p\u00e1ginas. ISBN: 84-7030-487-9<br>G\u00d3MEZ DE LIA\u00d1O, Ignacio. (1983) El Idioma De La Imaginaci\u00f3n:<br>Ensayos Sobre La Memoria, La Imaginaci\u00f3n y El Tiempo. Ediciones<br>Taurus. Madrid, 1983. 494 p\u00e1ginas. ISBN 84-306-1224-6.<br>YATES, Frances Amelia. (1966). El arte de la memoria. Edici\u00f3n<br>espa\u00f1ola de Ignacio G\u00f3mez de Lia\u00f1o. Primera edici\u00f3n. Taurus<br>Ediciones. Madrid 1974. 460 p\u00e1gs. ISBN: 84-306-1113-4.<br>\u2014. (1979). La fi losof\u00eda oculta en la \u00e9poca isabelina. Traducci\u00f3n de<br>Roberto G\u00f3mez Ciriza. Fondo de Cultura Econ\u00f3mica. Primera Ed.<br>en espa\u00f1ol, 1982. 1992. M\u00e9xico. 338 p\u00e1gs. ISBN: 968-16-1179-9.<br>\u2014. (1982). Lulio y Bruno. Ensayos reunidos I. Traducci\u00f3n de Tom\u00e1s<br>Segovia. Fondo de Cultura Econ\u00f3mica. Primera edici\u00f3n en espa\u00f1ol.<br>1990. M\u00e9xico. 402 p\u00e1gs. ISBN: 968-16-3397-0.<br><strong>Referencias on line:<\/strong><br>P\u00e1gina del museo espec\u00edfica:<br><a href=\"https:\/\/www.museoreinasofia.es\/exposiciones\/ignacio-gomez-liano\">https:\/\/www.museoreinasofia.es\/exposiciones\/ignacio-gomez-liano<\/a><br>P\u00e1gina del museo con informaci\u00f3n para prensa:<br><a href=\"https:\/\/www.museoreinasofia.es\/prensa\/nota-de-prensa\/ignacio-gomez-liano-abandonar-escritura-0\">https:\/\/www.museoreinasofia.es\/prensa\/nota-de-prensa\/ignacio-gomez-liano-abandonar-escritura-0<\/a><br>&nbsp;<br><strong>Otras referencias:<\/strong><br>Art\u00edculos de prensa:<br>El Cultural<br><a href=\"https:\/\/elcultural.com\/gomez-de-liano-la-palabra-hecha-accion\">https:\/\/elcultural.com\/gomez-de-liano-la-palabra-hecha-accion<\/a><br>ARS Magazine<br><a href=\"https:\/\/arsmagazine.com\/gomez-de-liano-creador-y-mediador-dona-su-coleccion-al-reina-sofia\/\">https:\/\/arsmagazine.com\/gomez-de-liano-creador-y-mediador-dona-su-coleccion-al-reina-sofia\/<\/a><br>Investigaci\u00f3n sobre relaci\u00f3n entre ajedrez y memoria:<br><a href=\"https:\/\/es.chessbase.com\/post\/estudio-ajedrez-memoria-2020\">https:\/\/es.chessbase.com\/post\/estudio-ajedrez-memoria-2020<\/a><\/p><\/div>\n","protected":false},"excerpt":{"rendered":"","protected":false},"author":1,"featured_media":112,"parent":0,"menu_order":0,"comment_status":"closed","ping_status":"closed","template":"","meta":[],"uagb_featured_image_src":{"full":["http:\/\/www.enriquekrause.es\/works\/wp-content\/uploads\/2021\/02\/01screen.jpg",557,682,false],"thumbnail":["http:\/\/www.enriquekrause.es\/works\/wp-content\/uploads\/2021\/02\/01screen-150x150.jpg",150,150,true],"medium":["http:\/\/www.enriquekrause.es\/works\/wp-content\/uploads\/2021\/02\/01screen-245x300.jpg",245,300,true],"medium_large":["http:\/\/www.enriquekrause.es\/works\/wp-content\/uploads\/2021\/02\/01screen.jpg",557,682,false],"large":["http:\/\/www.enriquekrause.es\/works\/wp-content\/uploads\/2021\/02\/01screen.jpg",557,682,false],"1536x1536":["http:\/\/www.enriquekrause.es\/works\/wp-content\/uploads\/2021\/02\/01screen.jpg",557,682,false],"2048x2048":["http:\/\/www.enriquekrause.es\/works\/wp-content\/uploads\/2021\/02\/01screen.jpg",557,682,false],"post-thumbnail":["http:\/\/www.enriquekrause.es\/works\/wp-content\/uploads\/2021\/02\/01screen.jpg",557,682,false]},"uagb_author_info":{"display_name":"ekrauseb","author_link":"http:\/\/www.enriquekrause.es\/works\/author\/ekrauseb\/"},"uagb_comment_info":0,"uagb_excerpt":null,"_links":{"self":[{"href":"http:\/\/www.enriquekrause.es\/works\/wp-json\/wp\/v2\/pages\/101"}],"collection":[{"href":"http:\/\/www.enriquekrause.es\/works\/wp-json\/wp\/v2\/pages"}],"about":[{"href":"http:\/\/www.enriquekrause.es\/works\/wp-json\/wp\/v2\/types\/page"}],"author":[{"embeddable":true,"href":"http:\/\/www.enriquekrause.es\/works\/wp-json\/wp\/v2\/users\/1"}],"replies":[{"embeddable":true,"href":"http:\/\/www.enriquekrause.es\/works\/wp-json\/wp\/v2\/comments?post=101"}],"version-history":[{"count":7,"href":"http:\/\/www.enriquekrause.es\/works\/wp-json\/wp\/v2\/pages\/101\/revisions"}],"predecessor-version":[{"id":132,"href":"http:\/\/www.enriquekrause.es\/works\/wp-json\/wp\/v2\/pages\/101\/revisions\/132"}],"wp:featuredmedia":[{"embeddable":true,"href":"http:\/\/www.enriquekrause.es\/works\/wp-json\/wp\/v2\/media\/112"}],"wp:attachment":[{"href":"http:\/\/www.enriquekrause.es\/works\/wp-json\/wp\/v2\/media?parent=101"}],"curies":[{"name":"wp","href":"https:\/\/api.w.org\/{rel}","templated":true}]}}